{"id":92,"date":"2011-09-02T09:59:22","date_gmt":"2011-09-02T09:59:22","guid":{"rendered":"http:\/\/www.cvjm-altenheim.de\/?page_id=92"},"modified":"2018-03-22T15:23:42","modified_gmt":"2018-03-22T15:23:42","slug":"indiaca-nachwuchs","status":"publish","type":"page","link":"http:\/\/www.cvjm-altenheim.de\/?page_id=92","title":{"rendered":"Indiaca f\u00fcr Erwachsene"},"content":{"rendered":"<p>Das Training ist speziell f\u00fcr aktive Indiaca Sportler ausgelegt, die an Turnieren teilnehmen und ihr Indiacaspiel verbessern m\u00f6chten.<\/p>\n<p><em><a href=\"http:\/\/www.cvjm-altenheim.de\/wp-content\/uploads\/20171003_1625060.jpg\"><img loading=\"lazy\" class=\"alignnone size-medium wp-image-835\" src=\"http:\/\/www.cvjm-altenheim.de\/wp-content\/uploads\/20171003_1625060-300x225.jpg\" alt=\"\" width=\"300\" height=\"225\" srcset=\"http:\/\/www.cvjm-altenheim.de\/wp-content\/uploads\/20171003_1625060-300x225.jpg 300w, http:\/\/www.cvjm-altenheim.de\/wp-content\/uploads\/20171003_1625060-768x576.jpg 768w, http:\/\/www.cvjm-altenheim.de\/wp-content\/uploads\/20171003_1625060-1024x768.jpg 1024w, http:\/\/www.cvjm-altenheim.de\/wp-content\/uploads\/20171003_1625060-400x300.jpg 400w\" sizes=\"(max-width: 300px) 100vw, 300px\" \/><\/a> <a href=\"http:\/\/www.cvjm-altenheim.de\/wp-content\/uploads\/IMG-20170923-WA0013.jpg\"><img loading=\"lazy\" class=\"alignnone size-medium wp-image-836\" src=\"http:\/\/www.cvjm-altenheim.de\/wp-content\/uploads\/IMG-20170923-WA0013-300x225.jpg\" alt=\"\" width=\"300\" height=\"225\" srcset=\"http:\/\/www.cvjm-altenheim.de\/wp-content\/uploads\/IMG-20170923-WA0013-300x225.jpg 300w, http:\/\/www.cvjm-altenheim.de\/wp-content\/uploads\/IMG-20170923-WA0013-768x576.jpg 768w, http:\/\/www.cvjm-altenheim.de\/wp-content\/uploads\/IMG-20170923-WA0013-1024x768.jpg 1024w, http:\/\/www.cvjm-altenheim.de\/wp-content\/uploads\/IMG-20170923-WA0013-400x300.jpg 400w, http:\/\/www.cvjm-altenheim.de\/wp-content\/uploads\/IMG-20170923-WA0013.jpg 1280w\" sizes=\"(max-width: 300px) 100vw, 300px\" \/><\/a><br \/>\n<\/em><\/p>\n<p><strong>Leiter: Waldemar Schott<\/strong><br \/>\n<strong> Treffpunkt: samstags 18.00 &#8211; 20:00 Uhr<\/strong><br \/>\n<strong>Ort: <strong>Schulturnhalle Altenheim<\/strong><\/strong><br \/>\n<strong>Kontakt: Waldemar Schott | Tel.: 0172 7759 431<br \/>\n<\/strong><\/p>\n","protected":false},"excerpt":{"rendered":"<p>Das Training ist speziell f\u00fcr aktive Indiaca Sportler ausgelegt, die an Turnieren teilnehmen und ihr Indiacaspiel verbessern m\u00f6chten. Leiter: Waldemar Schott Treffpunkt: samstags 18.00 &#8211; 20:00 Uhr Ort: Schulturnhalle Altenheim Kontakt: Waldemar Schott | Tel.: 0172 7759 431<\/p>\n","protected":false},"author":5,"featured_media":0,"parent":0,"menu_order":0,"comment_status":"closed","ping_status":"closed","template":"","meta":[],"_links":{"self":[{"href":"http:\/\/www.cvjm-altenheim.de\/index.php?rest_route=\/wp\/v2\/pages\/92"}],"collection":[{"href":"http:\/\/www.cvjm-altenheim.de\/index.php?rest_route=\/wp\/v2\/pages"}],"about":[{"href":"http:\/\/www.cvjm-altenheim.de\/index.php?rest_route=\/wp\/v2\/types\/page"}],"author":[{"embeddable":true,"href":"http:\/\/www.cvjm-altenheim.de\/index.php?rest_route=\/wp\/v2\/users\/5"}],"replies":[{"embeddable":true,"href":"http:\/\/www.cvjm-altenheim.de\/index.php?rest_route=%2Fwp%2Fv2%2Fcomments&post=92"}],"version-history":[{"count":14,"href":"http:\/\/www.cvjm-altenheim.de\/index.php?rest_route=\/wp\/v2\/pages\/92\/revisions"}],"predecessor-version":[{"id":837,"href":"http:\/\/www.cvjm-altenheim.de\/index.php?rest_route=\/wp\/v2\/pages\/92\/revisions\/837"}],"wp:attachment":[{"href":"http:\/\/www.cvjm-altenheim.de\/index.php?rest_route=%2Fwp%2Fv2%2Fmedia&parent=92"}],"curies":[{"name":"wp","href":"https:\/\/api.w.org\/{rel}","templated":true}]}}