{"id":888,"date":"2018-10-23T17:53:23","date_gmt":"2018-10-23T17:53:23","guid":{"rendered":"http:\/\/www.cvjm-altenheim.de\/?page_id=888"},"modified":"2018-10-23T18:06:23","modified_gmt":"2018-10-23T18:06:23","slug":"time-out","status":"publish","type":"page","link":"http:\/\/www.cvjm-altenheim.de\/?page_id=888","title":{"rendered":"Time out"},"content":{"rendered":"<p><a href=\"http:\/\/www.cvjm-altenheim.de\/wp-content\/uploads\/Timeout.jpg\"><img loading=\"lazy\" class=\"size-medium wp-image-821 alignleft\" src=\"http:\/\/www.cvjm-altenheim.de\/wp-content\/uploads\/Timeout-289x300.jpg\" alt=\"\" width=\"289\" height=\"300\" srcset=\"http:\/\/www.cvjm-altenheim.de\/wp-content\/uploads\/Timeout-289x300.jpg 289w, http:\/\/www.cvjm-altenheim.de\/wp-content\/uploads\/Timeout.jpg 383w\" sizes=\"(max-width: 289px) 100vw, 289px\" \/><\/a><\/p>\n<blockquote><p>l\u00e4dt ein Anderes zu tun,<\/p>\n<p>Anderes zu h\u00f6ren,<\/p>\n<p>sich Zeit zu nehmen,<\/p>\n<p>f\u00fcr sich selbst,<\/p>\n<p>f\u00fcr andere Menschen,<\/p>\n<p>f\u00fcr Gott.<\/p><\/blockquote>\n<p>&nbsp;<\/p>\n<p>&nbsp;<\/p>\n<p>Termine<\/p>\n<p>10. November 2018 \u00a0 \u00a0 \u00a0 \u00a0 \u00a0\u00a0 Frauenfr\u00fchst\u00fcck Kita Regenbogen<br \/>\n1. Dezember 2018\u00a0 \u00a0 \u00a0 \u00a0 \u00a0 \u00a0 Stationen auf dem Weg zu Weihnachten<br \/>\n15-20 Uhr\u00a0 \u00a0 \u00a0 \u00a0 \u00a0 \u00a0 \u00a0 \u00a0 \u00a0 \u00a0 \u00a0 \u00a0 \u00a0 \u00a0 \u00a0 \u00a0 B\u00fcchertisch\u00a0 Friedenskirche Altenheim<br \/>\n5. Januar\u00a0 2019\u00a0 \u00a0 \u00a0 \u00a0 \u00a0 \u00a0 \u00a0 \u00a0 \u00a0Stiller Tag<br \/>\n20. M\u00e4rz 2019\u00a0 \u00a0 \u00a0 \u00a0 \u00a0 \u00a0 \u00a0 \u00a0 \u00a0 \u00a0Sieben Worte Jesu am Kreuz<br \/>\n11. Mai 2019\u00a0 \u00a0 \u00a0 \u00a0 \u00a0 \u00a0 \u00a0 \u00a0 \u00a0 \u00a0 \u00a0Frauenfr\u00fchst\u00fcck<br \/>\n20.Juli 2019\u00a0 \u00a0 \u00a0 \u00a0 \u00a0 \u00a0 \u00a0 \u00a0 \u00a0 \u00a0 \u00a0 Gebetswanderung Oberachern<br \/>\n9. November\u00a0 2019\u00a0 \u00a0 \u00a0 \u00a0 \u00a0 \u00a0Frauenfr\u00fchst\u00fcck<br \/>\n30. November\u00a0 2019\u00a0 \u00a0 \u00a0 \u00a0 \u00a0Stationen auf dem Weg zu Weihnachten\/B\u00fcchertisch<\/p>\n<p>&nbsp;<\/p>\n<p>Ein Angebot von Hauskreis, CVJM und der ev. Kirchengemeinde Altenheim \/ M\u00fcllen<\/p>\n<p>Infos: Ingrid Parden Tel. 1742+Friederike Winkler Tel.1717<\/p>\n","protected":false},"excerpt":{"rendered":"<p>l\u00e4dt ein Anderes zu tun, Anderes zu h\u00f6ren, sich Zeit zu nehmen, f\u00fcr sich selbst, f\u00fcr andere Menschen, f\u00fcr Gott. &nbsp; &nbsp; Termine 10. November 2018 \u00a0 \u00a0 \u00a0 \u00a0 \u00a0\u00a0 Frauenfr\u00fchst\u00fcck Kita Regenbogen 1. Dezember 2018\u00a0 \u00a0 \u00a0 \u00a0 &hellip; <a href=\"http:\/\/www.cvjm-altenheim.de\/?page_id=888\">Weiterlesen <span class=\"meta-nav\">&rarr;<\/span><\/a><\/p>\n","protected":false},"author":5,"featured_media":0,"parent":0,"menu_order":0,"comment_status":"closed","ping_status":"closed","template":"","meta":[],"_links":{"self":[{"href":"http:\/\/www.cvjm-altenheim.de\/index.php?rest_route=\/wp\/v2\/pages\/888"}],"collection":[{"href":"http:\/\/www.cvjm-altenheim.de\/index.php?rest_route=\/wp\/v2\/pages"}],"about":[{"href":"http:\/\/www.cvjm-altenheim.de\/index.php?rest_route=\/wp\/v2\/types\/page"}],"author":[{"embeddable":true,"href":"http:\/\/www.cvjm-altenheim.de\/index.php?rest_route=\/wp\/v2\/users\/5"}],"replies":[{"embeddable":true,"href":"http:\/\/www.cvjm-altenheim.de\/index.php?rest_route=%2Fwp%2Fv2%2Fcomments&post=888"}],"version-history":[{"count":6,"href":"http:\/\/www.cvjm-altenheim.de\/index.php?rest_route=\/wp\/v2\/pages\/888\/revisions"}],"predecessor-version":[{"id":897,"href":"http:\/\/www.cvjm-altenheim.de\/index.php?rest_route=\/wp\/v2\/pages\/888\/revisions\/897"}],"wp:attachment":[{"href":"http:\/\/www.cvjm-altenheim.de\/index.php?rest_route=%2Fwp%2Fv2%2Fmedia&parent=888"}],"curies":[{"name":"wp","href":"https:\/\/api.w.org\/{rel}","templated":true}]}}