{"id":781,"date":"2017-04-21T11:55:31","date_gmt":"2017-04-21T11:55:31","guid":{"rendered":"http:\/\/www.cvjm-altenheim.de\/?page_id=781"},"modified":"2017-04-25T05:34:55","modified_gmt":"2017-04-25T05:34:55","slug":"mitglied-werden","status":"publish","type":"page","link":"http:\/\/www.cvjm-altenheim.de\/?page_id=781","title":{"rendered":"Mitglied werden"},"content":{"rendered":"<p>Sie m\u00f6chten unsere Arbeit unterst\u00fctzen und Vorteile wie Preisverg\u00fcnstigungen f\u00fcr CVJM Mitglieder nutzen?<\/p>\n<p>Derzeit g\u00fcltige Beitr\u00e4ge (Stand 20.04.2017)<br \/>\nFamilienbeitrag 36,00 \u20ac \/ Jahr<br \/>\nErwachsene (ab 18 Jahren) 24,00 \u20ac \/ Jahr<br \/>\nJugendliche\/Studenten(ohne Eink.) 18,00 \u20ac \/ Jahr<br \/>\nSch\u00fcler (9-13 Jahre) 09,00 \u20ac \/ Jahr<\/p>\n<p>CVJM Altenheim Beitrittserkl\u00e4rung\u00a0zum Download:<\/p>\n<p><a href=\"http:\/\/www.cvjm-altenheim.de\/wp-content\/uploads\/Beitrittserkl\u00e4rung-neu-2017.pdf\">Beitrittserkl\u00e4rung-neu-2017<\/a>\u00a0(PDF)<\/p>\n<p><a href=\"http:\/\/www.cvjm-altenheim.de\/wp-content\/uploads\/Beitrittserkl\u00e4rung-neu-2017.ods\">Beitrittserkl\u00e4rung-neu-2017<\/a>\u00a0(Excel)<\/p>\n<p>Bitte schicken Sie das ausgef\u00fcllte Formal an unsere Email-Adresse:\u00a0<a href=\"mailto:cvjm.altenheim@googlemail.com\">cvjm.altenheim@googlemail.com\u00a0<\/a><\/p>\n","protected":false},"excerpt":{"rendered":"<p>Sie m\u00f6chten unsere Arbeit unterst\u00fctzen und Vorteile wie Preisverg\u00fcnstigungen f\u00fcr CVJM Mitglieder nutzen? Derzeit g\u00fcltige Beitr\u00e4ge (Stand 20.04.2017) Familienbeitrag 36,00 \u20ac \/ Jahr Erwachsene (ab 18 Jahren) 24,00 \u20ac \/ Jahr Jugendliche\/Studenten(ohne Eink.) 18,00 \u20ac \/ Jahr Sch\u00fcler (9-13 Jahre) &hellip; <a href=\"http:\/\/www.cvjm-altenheim.de\/?page_id=781\">Weiterlesen <span class=\"meta-nav\">&rarr;<\/span><\/a><\/p>\n","protected":false},"author":5,"featured_media":0,"parent":0,"menu_order":0,"comment_status":"closed","ping_status":"closed","template":"","meta":[],"_links":{"self":[{"href":"http:\/\/www.cvjm-altenheim.de\/index.php?rest_route=\/wp\/v2\/pages\/781"}],"collection":[{"href":"http:\/\/www.cvjm-altenheim.de\/index.php?rest_route=\/wp\/v2\/pages"}],"about":[{"href":"http:\/\/www.cvjm-altenheim.de\/index.php?rest_route=\/wp\/v2\/types\/page"}],"author":[{"embeddable":true,"href":"http:\/\/www.cvjm-altenheim.de\/index.php?rest_route=\/wp\/v2\/users\/5"}],"replies":[{"embeddable":true,"href":"http:\/\/www.cvjm-altenheim.de\/index.php?rest_route=%2Fwp%2Fv2%2Fcomments&post=781"}],"version-history":[{"count":7,"href":"http:\/\/www.cvjm-altenheim.de\/index.php?rest_route=\/wp\/v2\/pages\/781\/revisions"}],"predecessor-version":[{"id":793,"href":"http:\/\/www.cvjm-altenheim.de\/index.php?rest_route=\/wp\/v2\/pages\/781\/revisions\/793"}],"wp:attachment":[{"href":"http:\/\/www.cvjm-altenheim.de\/index.php?rest_route=%2Fwp%2Fv2%2Fmedia&parent=781"}],"curies":[{"name":"wp","href":"https:\/\/api.w.org\/{rel}","templated":true}]}}