{"id":661,"date":"2016-03-30T19:37:16","date_gmt":"2016-03-30T19:37:16","guid":{"rendered":"http:\/\/www.cvjm-altenheim.de\/?page_id=661"},"modified":"2020-01-24T09:48:20","modified_gmt":"2020-01-24T09:48:20","slug":"gebetstreff","status":"publish","type":"page","link":"http:\/\/www.cvjm-altenheim.de\/?page_id=661","title":{"rendered":"Gebetsfr\u00fchst\u00fcck"},"content":{"rendered":"<p>Wir treffen uns zum gemeinsamen Fr\u00fchst\u00fcck, anschlie\u00dfend beten wir f\u00fcr unsere Familien, Kranke, Trauernde,den CVJM,die Kirchengemeinde,Politik und die Welt.<\/p>\n<p><strong>Treffpunkt: 1. Montag im Monat 8:00 Uhr (Ort wechselt)\u00a0<\/strong><\/p>\n<p>Infos: Ingrid Parden, 07807 1742 \/ Friederike Winkler, 07807 1717<\/p>\n","protected":false},"excerpt":{"rendered":"<p>Wir treffen uns zum gemeinsamen Fr\u00fchst\u00fcck, anschlie\u00dfend beten wir f\u00fcr unsere Familien, Kranke, Trauernde,den CVJM,die Kirchengemeinde,Politik und die Welt. Treffpunkt: 1. Montag im Monat 8:00 Uhr (Ort wechselt)\u00a0 Infos: Ingrid Parden, 07807 1742 \/ Friederike Winkler, 07807 1717<\/p>\n","protected":false},"author":5,"featured_media":0,"parent":0,"menu_order":0,"comment_status":"closed","ping_status":"closed","template":"","meta":[],"_links":{"self":[{"href":"http:\/\/www.cvjm-altenheim.de\/index.php?rest_route=\/wp\/v2\/pages\/661"}],"collection":[{"href":"http:\/\/www.cvjm-altenheim.de\/index.php?rest_route=\/wp\/v2\/pages"}],"about":[{"href":"http:\/\/www.cvjm-altenheim.de\/index.php?rest_route=\/wp\/v2\/types\/page"}],"author":[{"embeddable":true,"href":"http:\/\/www.cvjm-altenheim.de\/index.php?rest_route=\/wp\/v2\/users\/5"}],"replies":[{"embeddable":true,"href":"http:\/\/www.cvjm-altenheim.de\/index.php?rest_route=%2Fwp%2Fv2%2Fcomments&post=661"}],"version-history":[{"count":4,"href":"http:\/\/www.cvjm-altenheim.de\/index.php?rest_route=\/wp\/v2\/pages\/661\/revisions"}],"predecessor-version":[{"id":940,"href":"http:\/\/www.cvjm-altenheim.de\/index.php?rest_route=\/wp\/v2\/pages\/661\/revisions\/940"}],"wp:attachment":[{"href":"http:\/\/www.cvjm-altenheim.de\/index.php?rest_route=%2Fwp%2Fv2%2Fmedia&parent=661"}],"curies":[{"name":"wp","href":"https:\/\/api.w.org\/{rel}","templated":true}]}}